{"id":1460,"date":"2023-03-14T14:59:38","date_gmt":"2023-03-14T14:59:38","guid":{"rendered":"https:\/\/doutrelant.fr\/site\/?page_id=1460"},"modified":"2023-03-17T14:26:19","modified_gmt":"2023-03-17T14:26:19","slug":"pliages-sur-mesure","status":"publish","type":"page","link":"https:\/\/doutrelant.fr\/?page_id=1460","title":{"rendered":"Pliages sur mesure"},"content":{"rendered":"\n<p>Pliage sur mesure disponibles jusque 2m50<\/p>\n\n\n\n<p>Pour vos rives, corni\u00e8res et finitions divers<\/p>\n\n\n\n<p>Prix au ml suivant le d\u00e9veloppement<\/p>\n\n\n\n\n\t<div class=\"slideshow_container slideshow_container_style-light\" style=\"height: 200px; \" data-slideshow-id=\"1446\" data-style-name=\"style-light\" data-style-version=\"2.3.1\" >\n\n\t\t\t\t\t<div class=\"slideshow_loading_icon\"><\/div>\n\t\t\n\t\t<div class=\"slideshow_content\" style=\"display: none;\">\n\n\t\t\t<div class=\"slideshow_view\">\n\t\t\t\t<div class=\"slideshow_slide slideshow_slide_image\">\n\t\t\t\t\t\t\t\t\t\t\t<img src=\"https:\/\/doutrelant.fr\/wp-content\/uploads\/pliage3.jpg\" alt=\"pliage3\" width=\"225\" height=\"225\" \/>\n\t\t\t\t\t\t\t\t\t\t<div class=\"slideshow_description_box slideshow_transparent\">\n\t\t\t\t\t\t\t\t\t\t\t\t\t\t\t\t\t<\/div>\n\t\t\t\t<\/div>\n\n\t\t\t\t\t\t<div style=\"clear: both;\"><\/div><\/div><div class=\"slideshow_view\">\n\t\t\t\t<div class=\"slideshow_slide slideshow_slide_image\">\n\t\t\t\t\t\t\t\t\t\t\t<img src=\"https:\/\/doutrelant.fr\/wp-content\/uploads\/Petite-Bande-De-Rive.jpg\" alt=\"Petite-Bande-De-Rive\" width=\"784\" height=\"507\" \/>\n\t\t\t\t\t\t\t\t\t\t<div class=\"slideshow_description_box slideshow_transparent\">\n\t\t\t\t\t\t\t\t\t\t\t\t\t\t\t\t\t<\/div>\n\t\t\t\t<\/div>\n\n\t\t\t\t\t\t<div style=\"clear: both;\"><\/div><\/div><div class=\"slideshow_view\">\n\t\t\t\t<div class=\"slideshow_slide slideshow_slide_image\">\n\t\t\t\t\t\t\t\t\t\t\t<img src=\"https:\/\/doutrelant.fr\/wp-content\/uploads\/pliage2.jpg\" alt=\"pliage2\" width=\"225\" height=\"225\" \/>\n\t\t\t\t\t\t\t\t\t\t<div class=\"slideshow_description_box slideshow_transparent\">\n\t\t\t\t\t\t\t\t\t\t\t\t\t\t\t\t\t<\/div>\n\t\t\t\t<\/div>\n\n\t\t\t\t\t\t<div style=\"clear: both;\"><\/div><\/div><div class=\"slideshow_view\">\n\t\t\t\t<div class=\"slideshow_slide slideshow_slide_image\">\n\t\t\t\t\t\t\t\t\t\t\t<img src=\"https:\/\/doutrelant.fr\/wp-content\/uploads\/pliage1.jpg\" alt=\"pliage1\" width=\"279\" height=\"180\" \/>\n\t\t\t\t\t\t\t\t\t\t<div class=\"slideshow_description_box slideshow_transparent\">\n\t\t\t\t\t\t\t\t\t\t\t\t\t\t\t\t\t<\/div>\n\t\t\t\t<\/div>\n\n\t\t\t\t\t\t<div style=\"clear: both;\"><\/div><\/div><div class=\"slideshow_view\">\n\t\t\t\t<div class=\"slideshow_slide slideshow_slide_image\">\n\t\t\t\t\t\t\t\t\t\t\t<img src=\"https:\/\/doutrelant.fr\/wp-content\/uploads\/rive-contre-mur.jpg\" alt=\"rive-contre-mur\" width=\"784\" height=\"507\" \/>\n\t\t\t\t\t\t\t\t\t\t<div class=\"slideshow_description_box slideshow_transparent\">\n\t\t\t\t\t\t\t\t\t\t\t\t\t\t\t\t\t<\/div>\n\t\t\t\t<\/div>\n\n\t\t\t\t\t\t<div style=\"clear: both;\"><\/div><\/div><div class=\"slideshow_view\">\n\t\t\t\t<div class=\"slideshow_slide slideshow_slide_image\">\n\t\t\t\t\t\t\t\t\t\t\t<img src=\"https:\/\/doutrelant.fr\/wp-content\/uploads\/bande-de-rive-toiture-acier-galvanise-laque-aspect-tuile.jpg\" alt=\"bande-de-rive-toiture-acier-galvanise-laque-aspect-tuile\" width=\"800\" height=\"800\" \/>\n\t\t\t\t\t\t\t\t\t\t<div class=\"slideshow_description_box slideshow_transparent\">\n\t\t\t\t\t\t\t\t\t\t\t\t\t\t\t\t\t<\/div>\n\t\t\t\t<\/div>\n\n\t\t\t\t\t\t<div style=\"clear: both;\"><\/div><\/div><div class=\"slideshow_view\">\n\t\t\t\t<div class=\"slideshow_slide slideshow_slide_image\">\n\t\t\t\t\t\t\t\t\t\t\t<img src=\"https:\/\/doutrelant.fr\/wp-content\/uploads\/bande_de_rive.jpg\" alt=\"bande_de_rive\" width=\"640\" height=\"640\" \/>\n\t\t\t\t\t\t\t\t\t\t<div class=\"slideshow_description_box slideshow_transparent\">\n\t\t\t\t\t\t\t\t\t\t\t\t\t\t\t\t\t<\/div>\n\t\t\t\t<\/div>\n\n\t\t\t\t\t\t<div style=\"clear: both;\"><\/div><\/div>\n\t\t<\/div>\n\n\t\t<div class=\"slideshow_controlPanel slideshow_transparent\" style=\"display: none;\"><ul><li class=\"slideshow_togglePlay\" data-play-text=\"Play\" data-pause-text=\"Pause\"><\/li><\/ul><\/div>\n\n\t\t<div class=\"slideshow_button slideshow_previous slideshow_transparent\" role=\"button\" data-previous-text=\"Pr\u00e9c\u00e9dent\" style=\"display: none;\"><\/div>\n\t\t<div class=\"slideshow_button slideshow_next slideshow_transparent\" role=\"button\" data-next-text=\"Suivant\" style=\"display: none;\"><\/div>\n\n\t\t<div class=\"slideshow_pagination\" style=\"display: none;\" data-go-to-text=\"Go to slide\"><div class=\"slideshow_pagination_center\"><\/div><\/div>\n\n\t\t<!-- WordPress Slideshow Version 2.3.1 -->\n\n\t\t\t<\/div>\n\n\n\n\n\n<p>                        <strong>Couleur de t\u00f4le planes disponibles:<\/strong><\/p>\n\n\n\n<ul class=\"wp-block-list\"><li>RAL 9005 (noir)<\/li><li>RAL 7016 (gris anthracite)<\/li><li>RAL 8012 (brun rouge)<\/li><li>RAL 9010 (blanc)<\/li><li>RAL 6011 (vert clair)<\/li><li>RAL 6005 (vert sapin)<\/li><li>RAL 9001 (blanc cass\u00e9)<\/li><li>RAL 8004 (Terracotta) <\/li><\/ul>\n\n\n\n<figure class=\"wp-block-image\"><img loading=\"lazy\" decoding=\"async\" width=\"1024\" height=\"768\" src=\"https:\/\/doutrelant.fr\/site\/wp-content\/uploads\/IMG_20220120_111946-1-1024x768.jpg\" alt=\"\" class=\"wp-image-1274\" srcset=\"https:\/\/doutrelant.fr\/wp-content\/uploads\/IMG_20220120_111946-1-1024x768.jpg 1024w, https:\/\/doutrelant.fr\/wp-content\/uploads\/IMG_20220120_111946-1-300x225.jpg 300w, https:\/\/doutrelant.fr\/wp-content\/uploads\/IMG_20220120_111946-1-768x576.jpg 768w\" sizes=\"auto, (max-width: 1024px) 100vw, 1024px\" \/><\/figure>\n","protected":false},"excerpt":{"rendered":"<p>Pliage sur mesure disponibles jusque 2m50 Pour vos rives, corni\u00e8res et finitions divers Prix au ml suivant le d\u00e9veloppement Couleur de t\u00f4le planes disponibles: RAL 9005 (noir) RAL 7016 (gris anthracite) RAL 8012 (brun rouge) RAL 9010 (blanc) RAL 6011 (vert clair) RAL 6005 (vert sapin) RAL 9001 (blanc cass\u00e9) RAL 8004 (Terracotta)<\/p>\n","protected":false},"author":2,"featured_media":0,"parent":0,"menu_order":0,"comment_status":"closed","ping_status":"closed","template":"","meta":{"footnotes":""},"class_list":["post-1460","page","type-page","status-publish","hentry"],"_links":{"self":[{"href":"https:\/\/doutrelant.fr\/index.php?rest_route=\/wp\/v2\/pages\/1460","targetHints":{"allow":["GET"]}}],"collection":[{"href":"https:\/\/doutrelant.fr\/index.php?rest_route=\/wp\/v2\/pages"}],"about":[{"href":"https:\/\/doutrelant.fr\/index.php?rest_route=\/wp\/v2\/types\/page"}],"author":[{"embeddable":true,"href":"https:\/\/doutrelant.fr\/index.php?rest_route=\/wp\/v2\/users\/2"}],"replies":[{"embeddable":true,"href":"https:\/\/doutrelant.fr\/index.php?rest_route=%2Fwp%2Fv2%2Fcomments&post=1460"}],"version-history":[{"count":9,"href":"https:\/\/doutrelant.fr\/index.php?rest_route=\/wp\/v2\/pages\/1460\/revisions"}],"predecessor-version":[{"id":1537,"href":"https:\/\/doutrelant.fr\/index.php?rest_route=\/wp\/v2\/pages\/1460\/revisions\/1537"}],"wp:attachment":[{"href":"https:\/\/doutrelant.fr\/index.php?rest_route=%2Fwp%2Fv2%2Fmedia&parent=1460"}],"curies":[{"name":"wp","href":"https:\/\/api.w.org\/{rel}","templated":true}]}}