{"id":175,"date":"2017-01-06T09:40:43","date_gmt":"2017-01-06T09:40:43","guid":{"rendered":"http:\/\/doutrelant.fr\/site\/?page_id=175"},"modified":"2023-03-07T13:45:25","modified_gmt":"2023-03-07T13:45:25","slug":"extensionsgarage","status":"publish","type":"page","link":"https:\/\/doutrelant.fr\/?page_id=175","title":{"rendered":"Extensions\/garage"},"content":{"rendered":"\n\t<div class=\"slideshow_container slideshow_container_style-light\" style=\"height: 400px; \" data-slideshow-id=\"184\" data-style-name=\"style-light\" data-style-version=\"2.3.1\" >\n\n\t\t\t\t\t<div class=\"slideshow_loading_icon\"><\/div>\n\t\t\n\t\t<div class=\"slideshow_content\" style=\"display: none;\">\n\n\t\t\t<div class=\"slideshow_view\">\n\t\t\t\t<div class=\"slideshow_slide slideshow_slide_image\">\n\t\t\t\t\t\t\t\t\t\t\t<img src=\"https:\/\/doutrelant.fr\/wp-content\/uploads\/54419156_2299818576968842_61613753992478720_n.jpg\" alt=\"Etape1\" width=\"1992\" height=\"1121\" \/>\n\t\t\t\t\t\t\t\t\t\t<div class=\"slideshow_description_box slideshow_transparent\">\n\t\t\t\t\t\t<div class=\"slideshow_title\">Etape1<\/div>\t\t\t\t\t\t\t\t\t\t\t<\/div>\n\t\t\t\t<\/div>\n\n\t\t\t\t\t\t<div style=\"clear: both;\"><\/div><\/div><div class=\"slideshow_view\">\n\t\t\t\t<div class=\"slideshow_slide slideshow_slide_image\">\n\t\t\t\t\t\t\t\t\t\t\t<img src=\"https:\/\/doutrelant.fr\/wp-content\/uploads\/20151108_150231.jpg\" alt=\"Etape2\" width=\"5312\" height=\"2988\" \/>\n\t\t\t\t\t\t\t\t\t\t<div class=\"slideshow_description_box slideshow_transparent\">\n\t\t\t\t\t\t<div class=\"slideshow_title\">Etape2<\/div>\t\t\t\t\t\t\t\t\t\t\t<\/div>\n\t\t\t\t<\/div>\n\n\t\t\t\t\t\t<div style=\"clear: both;\"><\/div><\/div><div class=\"slideshow_view\">\n\t\t\t\t<div class=\"slideshow_slide slideshow_slide_image\">\n\t\t\t\t\t\t\t\t\t\t\t<img src=\"https:\/\/doutrelant.fr\/wp-content\/uploads\/53589934_400028880543738_9085049350911950848_n.jpg\" alt=\"Etape3\" width=\"1992\" height=\"1121\" \/>\n\t\t\t\t\t\t\t\t\t\t<div class=\"slideshow_description_box slideshow_transparent\">\n\t\t\t\t\t\t<div class=\"slideshow_title\">Etape3<\/div>\t\t\t\t\t\t\t\t\t\t\t<\/div>\n\t\t\t\t<\/div>\n\n\t\t\t\t\t\t<div style=\"clear: both;\"><\/div><\/div><div class=\"slideshow_view\">\n\t\t\t\t<div class=\"slideshow_slide slideshow_slide_image\">\n\t\t\t\t\t\t\t\t\t\t\t<img src=\"https:\/\/doutrelant.fr\/wp-content\/uploads\/20161029_172658.jpg\" alt=\"Etape4\" width=\"2560\" height=\"1443\" \/>\n\t\t\t\t\t\t\t\t\t\t<div class=\"slideshow_description_box slideshow_transparent\">\n\t\t\t\t\t\t<div class=\"slideshow_title\">Etape4<\/div>\t\t\t\t\t\t\t\t\t\t\t<\/div>\n\t\t\t\t<\/div>\n\n\t\t\t\t\t\t<div style=\"clear: both;\"><\/div><\/div><div class=\"slideshow_view\">\n\t\t\t\t<div class=\"slideshow_slide slideshow_slide_image\">\n\t\t\t\t\t\t\t\t\t\t\t<img src=\"https:\/\/doutrelant.fr\/wp-content\/uploads\/53781559_2230021827236133_5778059914656088064_n.jpg\" alt=\"Etape5\" width=\"2016\" height=\"1512\" \/>\n\t\t\t\t\t\t\t\t\t\t<div class=\"slideshow_description_box slideshow_transparent\">\n\t\t\t\t\t\t<div class=\"slideshow_title\">Etape5<\/div>\t\t\t\t\t\t\t\t\t\t\t<\/div>\n\t\t\t\t<\/div>\n\n\t\t\t\t\t\t<div style=\"clear: both;\"><\/div><\/div><div class=\"slideshow_view\">\n\t\t\t\t<div class=\"slideshow_slide slideshow_slide_image\">\n\t\t\t\t\t\t\t\t\t\t\t<img src=\"https:\/\/doutrelant.fr\/wp-content\/uploads\/53746377_2599256556756050_3204216512449609728_n.jpg\" alt=\"Etape6\" width=\"2016\" height=\"1512\" \/>\n\t\t\t\t\t\t\t\t\t\t<div class=\"slideshow_description_box slideshow_transparent\">\n\t\t\t\t\t\t<div class=\"slideshow_title\">Etape6<\/div>\t\t\t\t\t\t\t\t\t\t\t<\/div>\n\t\t\t\t<\/div>\n\n\t\t\t\t\t\t<div style=\"clear: both;\"><\/div><\/div><div class=\"slideshow_view\">\n\t\t\t\t<div class=\"slideshow_slide slideshow_slide_image\">\n\t\t\t\t\t\t\t\t\t\t\t<img src=\"https:\/\/doutrelant.fr\/wp-content\/uploads\/54518425_685591771856200_3144275253081931776_n.jpg\" alt=\"Etape7\" width=\"2016\" height=\"1512\" \/>\n\t\t\t\t\t\t\t\t\t\t<div class=\"slideshow_description_box slideshow_transparent\">\n\t\t\t\t\t\t<div class=\"slideshow_title\">Etape7<\/div>\t\t\t\t\t\t\t\t\t\t\t<\/div>\n\t\t\t\t<\/div>\n\n\t\t\t\t\t\t<div style=\"clear: both;\"><\/div><\/div><div class=\"slideshow_view\">\n\t\t\t\t<div class=\"slideshow_slide slideshow_slide_image\">\n\t\t\t\t\t\t\t\t\t\t\t<img src=\"https:\/\/doutrelant.fr\/wp-content\/uploads\/54080399_772515319787254_3308070024257732608_n.jpg\" alt=\"Etape8\" width=\"2016\" height=\"980\" \/>\n\t\t\t\t\t\t\t\t\t\t<div class=\"slideshow_description_box slideshow_transparent\">\n\t\t\t\t\t\t<div class=\"slideshow_title\">Etape8<\/div>\t\t\t\t\t\t\t\t\t\t\t<\/div>\n\t\t\t\t<\/div>\n\n\t\t\t\t\t\t<div style=\"clear: both;\"><\/div><\/div><div class=\"slideshow_view\">\n\t\t\t\t<div class=\"slideshow_slide slideshow_slide_image\">\n\t\t\t\t\t\t\t\t\t\t\t<img src=\"https:\/\/doutrelant.fr\/wp-content\/uploads\/IMG_3043-1-e1678185014107.jpg\" alt=\"Etape 9\" width=\"640\" height=\"480\" \/>\n\t\t\t\t\t\t\t\t\t\t<div class=\"slideshow_description_box slideshow_transparent\">\n\t\t\t\t\t\t<div class=\"slideshow_title\">Etape 9<\/div>\t\t\t\t\t\t\t\t\t\t\t<\/div>\n\t\t\t\t<\/div>\n\n\t\t\t\t\t\t<div style=\"clear: both;\"><\/div><\/div>\n\t\t<\/div>\n\n\t\t<div class=\"slideshow_controlPanel slideshow_transparent\" style=\"display: none;\"><ul><li class=\"slideshow_togglePlay\" data-play-text=\"Play\" data-pause-text=\"Pause\"><\/li><\/ul><\/div>\n\n\t\t<div class=\"slideshow_button slideshow_previous slideshow_transparent\" role=\"button\" data-previous-text=\"Pr\u00e9c\u00e9dent\" style=\"display: none;\"><\/div>\n\t\t<div class=\"slideshow_button slideshow_next slideshow_transparent\" role=\"button\" data-next-text=\"Suivant\" style=\"display: none;\"><\/div>\n\n\t\t<div class=\"slideshow_pagination\" style=\"display: none;\" data-go-to-text=\"Go to slide\"><div class=\"slideshow_pagination_center\"><\/div><\/div>\n\n\t\t<!-- WordPress Slideshow Version 2.3.1 -->\n\n\t\t\t<\/div>\n\n\n\n\n<p>R\u00e9alisation d&rsquo;une extension de garage \u00e0 leffrinckoucke avec panneau de bardage isol\u00e9 de 80mm ; toiture en bac isol\u00e9 de 80 mm de couleur RAL7016 <\/p>\n\n\n\n<p> <\/p>\n","protected":false},"excerpt":{"rendered":"<p>R\u00e9alisation d&rsquo;une extension de garage \u00e0 leffrinckoucke avec panneau de bardage isol\u00e9 de 80mm ; toiture en bac isol\u00e9 de 80 mm de couleur RAL7016<\/p>\n","protected":false},"author":2,"featured_media":0,"parent":0,"menu_order":0,"comment_status":"closed","ping_status":"closed","template":"","meta":{"footnotes":""},"class_list":["post-175","page","type-page","status-publish","hentry"],"_links":{"self":[{"href":"https:\/\/doutrelant.fr\/index.php?rest_route=\/wp\/v2\/pages\/175","targetHints":{"allow":["GET"]}}],"collection":[{"href":"https:\/\/doutrelant.fr\/index.php?rest_route=\/wp\/v2\/pages"}],"about":[{"href":"https:\/\/doutrelant.fr\/index.php?rest_route=\/wp\/v2\/types\/page"}],"author":[{"embeddable":true,"href":"https:\/\/doutrelant.fr\/index.php?rest_route=\/wp\/v2\/users\/2"}],"replies":[{"embeddable":true,"href":"https:\/\/doutrelant.fr\/index.php?rest_route=%2Fwp%2Fv2%2Fcomments&post=175"}],"version-history":[{"count":6,"href":"https:\/\/doutrelant.fr\/index.php?rest_route=\/wp\/v2\/pages\/175\/revisions"}],"predecessor-version":[{"id":1252,"href":"https:\/\/doutrelant.fr\/index.php?rest_route=\/wp\/v2\/pages\/175\/revisions\/1252"}],"wp:attachment":[{"href":"https:\/\/doutrelant.fr\/index.php?rest_route=%2Fwp%2Fv2%2Fmedia&parent=175"}],"curies":[{"name":"wp","href":"https:\/\/api.w.org\/{rel}","templated":true}]}}