{"id":39,"date":"2016-11-25T10:38:29","date_gmt":"2016-11-25T10:38:29","guid":{"rendered":"http:\/\/doutrelant.fr\/site\/?page_id=39"},"modified":"2023-03-17T15:31:44","modified_gmt":"2023-03-17T15:31:44","slug":"accessoires","status":"publish","type":"page","link":"https:\/\/doutrelant.fr\/?page_id=39","title":{"rendered":"Accessoires Toitures"},"content":{"rendered":"<p style=\"text-align: center;\"><span style=\"color: #ff6600;\"><em>ACCESSOIRES<\/em><\/span><\/p>\n\n\t<div class=\"slideshow_container slideshow_container_style-light\" style=\"height: 400px; \" data-slideshow-id=\"155\" data-style-name=\"style-light\" data-style-version=\"2.3.1\" >\n\n\t\t\t\t\t<div class=\"slideshow_loading_icon\"><\/div>\n\t\t\n\t\t<div class=\"slideshow_content\" style=\"display: none;\">\n\n\t\t\t<div class=\"slideshow_view\">\n\t\t\t\t<div class=\"slideshow_slide slideshow_slide_image\">\n\t\t\t\t\t\t\t\t\t\t\t<img src=\"https:\/\/doutrelant.fr\/wp-content\/uploads\/IMG_20220120_111908.jpg\" alt=\"IMG_20220120_111908\" width=\"4000\" height=\"3000\" \/>\n\t\t\t\t\t\t\t\t\t\t<div class=\"slideshow_description_box slideshow_transparent\">\n\t\t\t\t\t\t\t\t\t\t\t\t\t\t\t\t\t<\/div>\n\t\t\t\t<\/div>\n\n\t\t\t\t\t\t<div style=\"clear: both;\"><\/div><\/div><div class=\"slideshow_view\">\n\t\t\t\t<div class=\"slideshow_slide slideshow_slide_image\">\n\t\t\t\t\t\t\t\t\t\t\t<img src=\"https:\/\/doutrelant.fr\/wp-content\/uploads\/rive-contre-mur.jpg\" alt=\"Rive contre mur\" width=\"784\" height=\"507\" \/>\n\t\t\t\t\t\t\t\t\t\t<div class=\"slideshow_description_box slideshow_transparent\">\n\t\t\t\t\t\t<div class=\"slideshow_title\">Rive contre mur<\/div>\t\t\t\t\t\t\t\t\t\t\t<\/div>\n\t\t\t\t<\/div>\n\n\t\t\t\t\t\t<div style=\"clear: both;\"><\/div><\/div><div class=\"slideshow_view\">\n\t\t\t\t<div class=\"slideshow_slide slideshow_slide_image\">\n\t\t\t\t\t\t\t\t\t\t\t<img src=\"https:\/\/doutrelant.fr\/wp-content\/uploads\/Petite-Bande-De-Rive.jpg\" alt=\"Rive descendante\" width=\"784\" height=\"507\" \/>\n\t\t\t\t\t\t\t\t\t\t<div class=\"slideshow_description_box slideshow_transparent\">\n\t\t\t\t\t\t<div class=\"slideshow_title\">Rive descendante<\/div>\t\t\t\t\t\t\t\t\t\t\t<\/div>\n\t\t\t\t<\/div>\n\n\t\t\t\t\t\t<div style=\"clear: both;\"><\/div><\/div><div class=\"slideshow_view\">\n\t\t\t\t<div class=\"slideshow_slide slideshow_slide_image\">\n\t\t\t\t\t\t\t\t\t\t\t<img src=\"https:\/\/doutrelant.fr\/wp-content\/uploads\/bande-de-rive-toiture-acier-galvanise-laque-aspect-tuile.jpg\" alt=\"Rive Tuile\" width=\"800\" height=\"800\" \/>\n\t\t\t\t\t\t\t\t\t\t<div class=\"slideshow_description_box slideshow_transparent\">\n\t\t\t\t\t\t<div class=\"slideshow_title\">Rive Tuile<\/div>\t\t\t\t\t\t\t\t\t\t\t<\/div>\n\t\t\t\t<\/div>\n\n\t\t\t\t\t\t<div style=\"clear: both;\"><\/div><\/div><div class=\"slideshow_view\">\n\t\t\t\t<div class=\"slideshow_slide slideshow_slide_image\">\n\t\t\t\t\t\t\t\t\t\t\t<img src=\"https:\/\/doutrelant.fr\/wp-content\/uploads\/bande_de_rive.jpg\" alt=\"Rive descendante\" width=\"640\" height=\"640\" \/>\n\t\t\t\t\t\t\t\t\t\t<div class=\"slideshow_description_box slideshow_transparent\">\n\t\t\t\t\t\t<div class=\"slideshow_title\">Rive descendante<\/div>\t\t\t\t\t\t\t\t\t\t\t<\/div>\n\t\t\t\t<\/div>\n\n\t\t\t\t\t\t<div style=\"clear: both;\"><\/div><\/div>\n\t\t<\/div>\n\n\t\t<div class=\"slideshow_controlPanel slideshow_transparent\" style=\"display: none;\"><ul><li class=\"slideshow_togglePlay\" data-play-text=\"Play\" data-pause-text=\"Pause\"><\/li><\/ul><\/div>\n\n\t\t<div class=\"slideshow_button slideshow_previous slideshow_transparent\" role=\"button\" data-previous-text=\"Pr\u00e9c\u00e9dent\" style=\"display: none;\"><\/div>\n\t\t<div class=\"slideshow_button slideshow_next slideshow_transparent\" role=\"button\" data-next-text=\"Suivant\" style=\"display: none;\"><\/div>\n\n\t\t<div class=\"slideshow_pagination\" style=\"display: none;\" data-go-to-text=\"Go to slide\"><div class=\"slideshow_pagination_center\"><\/div><\/div>\n\n\t\t<!-- WordPress Slideshow Version 2.3.1 -->\n\n\t\t\t<\/div>\n\n\n<p><span style=\"color: #ff6600;\"><em>PLIAGES SUR PLACE POUR DIMENSIONS SP\u00c9CIALES<\/em><\/span><\/p>\n<p><\/p>\n<p><span style=\"color: #ff0000;\"><span style=\"color: #ff6600;\"><em>FAITI\u00c8RES<\/em><\/span><br><\/span><\/p>\n<ul>\n<li><em>Faiti\u00e8re double crant\u00e9e 12\u20ac\/ht\/le ml<\/em><\/li>\n<li>Bandeau de faitage crant\u00e9 (qui descend) 12\u20ac\/ht\/le ml<\/li>\n<li>Faitage contre mur crant\u00e9 (qui remonte) 12\u20ac\/ht\/le ml<\/li>\n<\/ul>\n<p><em>&nbsp;&nbsp;&nbsp;&nbsp;&nbsp;&nbsp;&nbsp; Longueur 2m10<\/em><\/p>\n\n\t<div class=\"slideshow_container slideshow_container_style-light\" style=\"height: 200px; \" data-slideshow-id=\"1508\" data-style-name=\"style-light\" data-style-version=\"2.3.1\" >\n\n\t\t\t\t\t<div class=\"slideshow_loading_icon\"><\/div>\n\t\t\n\t\t<div class=\"slideshow_content\" style=\"display: none;\">\n\n\t\t\t<div class=\"slideshow_view\">\n\t\t\t\t<div class=\"slideshow_slide slideshow_slide_image\">\n\t\t\t\t\t\t\t\t\t\t\t<img src=\"https:\/\/doutrelant.fr\/wp-content\/uploads\/faitiere6.jpg\" alt=\"Faiti\u00e8re remontante\" width=\"3024\" height=\"4032\" \/>\n\t\t\t\t\t\t\t\t\t\t<div class=\"slideshow_description_box slideshow_transparent\">\n\t\t\t\t\t\t<div class=\"slideshow_title\">Faiti\u00e8re remontante<\/div>\t\t\t\t\t\t<div class=\"slideshow_description\">12X23cm\r\nprofil: 4.5cm\r\nlongueur: 2m10<\/div>\t\t\t\t\t<\/div>\n\t\t\t\t<\/div>\n\n\t\t\t\t\t\t<div style=\"clear: both;\"><\/div><\/div><div class=\"slideshow_view\">\n\t\t\t\t<div class=\"slideshow_slide slideshow_slide_image\">\n\t\t\t\t\t\t\t\t\t\t\t<img src=\"https:\/\/doutrelant.fr\/wp-content\/uploads\/faitiere3.jpg\" alt=\"Faiti\u00e8re descendante\" width=\"3024\" height=\"4032\" \/>\n\t\t\t\t\t\t\t\t\t\t<div class=\"slideshow_description_box slideshow_transparent\">\n\t\t\t\t\t\t<div class=\"slideshow_title\">Faiti\u00e8re descendante<\/div>\t\t\t\t\t\t<div class=\"slideshow_description\">17X17cm\r\nprofil: 4.5cm\r\nlongueur: 2m10<\/div>\t\t\t\t\t<\/div>\n\t\t\t\t<\/div>\n\n\t\t\t\t\t\t<div style=\"clear: both;\"><\/div><\/div><div class=\"slideshow_view\">\n\t\t\t\t<div class=\"slideshow_slide slideshow_slide_image\">\n\t\t\t\t\t\t\t\t\t\t\t<img src=\"https:\/\/doutrelant.fr\/wp-content\/uploads\/faitiere2.jpg\" alt=\"Faiti\u00e8re descendante\" width=\"4032\" height=\"3024\" \/>\n\t\t\t\t\t\t\t\t\t\t<div class=\"slideshow_description_box slideshow_transparent\">\n\t\t\t\t\t\t<div class=\"slideshow_title\">Faiti\u00e8re descendante<\/div>\t\t\t\t\t\t<div class=\"slideshow_description\">17X17cm\r\nprofil: 4.5cm\r\nlongueur: 2m10<\/div>\t\t\t\t\t<\/div>\n\t\t\t\t<\/div>\n\n\t\t\t\t\t\t<div style=\"clear: both;\"><\/div><\/div><div class=\"slideshow_view\">\n\t\t\t\t<div class=\"slideshow_slide slideshow_slide_image\">\n\t\t\t\t\t\t\t\t\t\t\t<img src=\"https:\/\/doutrelant.fr\/wp-content\/uploads\/faitiere1.jpg\" alt=\"Faiti\u00e8re double crant\u00e9e\" width=\"3024\" height=\"4032\" \/>\n\t\t\t\t\t\t\t\t\t\t<div class=\"slideshow_description_box slideshow_transparent\">\n\t\t\t\t\t\t<div class=\"slideshow_title\">Faiti\u00e8re double crant\u00e9e<\/div>\t\t\t\t\t\t<div class=\"slideshow_description\">16X16\r\nprofil: 4.5cm\r\nlongueur: 2m10<\/div>\t\t\t\t\t<\/div>\n\t\t\t\t<\/div>\n\n\t\t\t\t\t\t<div style=\"clear: both;\"><\/div><\/div><div class=\"slideshow_view\">\n\t\t\t\t<div class=\"slideshow_slide slideshow_slide_image\">\n\t\t\t\t\t\t\t\t\t\t\t<img src=\"https:\/\/doutrelant.fr\/wp-content\/uploads\/faitiere.jpg\" alt=\"Faiti\u00e8re double crant\u00e9e\" width=\"4032\" height=\"3024\" \/>\n\t\t\t\t\t\t\t\t\t\t<div class=\"slideshow_description_box slideshow_transparent\">\n\t\t\t\t\t\t<div class=\"slideshow_title\">Faiti\u00e8re double crant\u00e9e<\/div>\t\t\t\t\t\t<div class=\"slideshow_description\">16X16\r\nprofil: 4.5cm\r\nlongueur: 2m10<\/div>\t\t\t\t\t<\/div>\n\t\t\t\t<\/div>\n\n\t\t\t\t\t\t<div style=\"clear: both;\"><\/div><\/div>\n\t\t<\/div>\n\n\t\t<div class=\"slideshow_controlPanel slideshow_transparent\" style=\"display: none;\"><ul><li class=\"slideshow_togglePlay\" data-play-text=\"Play\" data-pause-text=\"Pause\"><\/li><\/ul><\/div>\n\n\t\t<div class=\"slideshow_button slideshow_previous slideshow_transparent\" role=\"button\" data-previous-text=\"Pr\u00e9c\u00e9dent\" style=\"display: none;\"><\/div>\n\t\t<div class=\"slideshow_button slideshow_next slideshow_transparent\" role=\"button\" data-next-text=\"Suivant\" style=\"display: none;\"><\/div>\n\n\t\t<div class=\"slideshow_pagination\" style=\"display: none;\" data-go-to-text=\"Go to slide\"><div class=\"slideshow_pagination_center\"><\/div><\/div>\n\n\t\t<!-- WordPress Slideshow Version 2.3.1 -->\n\n\t\t\t<\/div>\n\n\n<p><em><span style=\"color: #ff0000;\"><span style=\"color: #ff6600;\">RIVES <\/span><br><\/span><\/em><\/p>\n<ul>\n<li><em>Rive 11\u20ac\/HT\/le ml<\/em><\/li>\n<\/ul>\n<p><em>&nbsp;&nbsp;&nbsp;&nbsp;&nbsp;&nbsp;&nbsp;&nbsp; Longueur 2m10<\/em><\/p>\n\n\t<div class=\"slideshow_container slideshow_container_style-light\" style=\"height: 200px; \" data-slideshow-id=\"1523\" data-style-name=\"style-light\" data-style-version=\"2.3.1\" >\n\n\t\t\t\t\t<div class=\"slideshow_loading_icon\"><\/div>\n\t\t\n\t\t<div class=\"slideshow_content\" style=\"display: none;\">\n\n\t\t\t<div class=\"slideshow_view\">\n\t\t\t\t<div class=\"slideshow_slide slideshow_slide_image\">\n\t\t\t\t\t\t\t\t\t\t\t<img src=\"https:\/\/doutrelant.fr\/wp-content\/uploads\/rivess8.jpg\" alt=\"Rives montante\" width=\"4032\" height=\"3024\" \/>\n\t\t\t\t\t\t\t\t\t\t<div class=\"slideshow_description_box slideshow_transparent\">\n\t\t\t\t\t\t<div class=\"slideshow_title\">Rives montante<\/div>\t\t\t\t\t\t\t\t\t\t\t<\/div>\n\t\t\t\t<\/div>\n\n\t\t\t\t\t\t<div style=\"clear: both;\"><\/div><\/div><div class=\"slideshow_view\">\n\t\t\t\t<div class=\"slideshow_slide slideshow_slide_image\">\n\t\t\t\t\t\t\t\t\t\t\t<img src=\"https:\/\/doutrelant.fr\/wp-content\/uploads\/rivess6.jpg\" alt=\"Rives montante\" width=\"4032\" height=\"3024\" \/>\n\t\t\t\t\t\t\t\t\t\t<div class=\"slideshow_description_box slideshow_transparent\">\n\t\t\t\t\t\t<div class=\"slideshow_title\">Rives montante<\/div>\t\t\t\t\t\t\t\t\t\t\t<\/div>\n\t\t\t\t<\/div>\n\n\t\t\t\t\t\t<div style=\"clear: both;\"><\/div><\/div><div class=\"slideshow_view\">\n\t\t\t\t<div class=\"slideshow_slide slideshow_slide_image\">\n\t\t\t\t\t\t\t\t\t\t\t<img src=\"https:\/\/doutrelant.fr\/wp-content\/uploads\/rivess7.jpg\" alt=\"Rives descendante\" width=\"4032\" height=\"3024\" \/>\n\t\t\t\t\t\t\t\t\t\t<div class=\"slideshow_description_box slideshow_transparent\">\n\t\t\t\t\t\t<div class=\"slideshow_title\">Rives descendante<\/div>\t\t\t\t\t\t\t\t\t\t\t<\/div>\n\t\t\t\t<\/div>\n\n\t\t\t\t\t\t<div style=\"clear: both;\"><\/div><\/div><div class=\"slideshow_view\">\n\t\t\t\t<div class=\"slideshow_slide slideshow_slide_image\">\n\t\t\t\t\t\t\t\t\t\t\t<img src=\"https:\/\/doutrelant.fr\/wp-content\/uploads\/rivess5-e1678959065436.jpg\" alt=\"Rives descendante\" width=\"4032\" height=\"3024\" \/>\n\t\t\t\t\t\t\t\t\t\t<div class=\"slideshow_description_box slideshow_transparent\">\n\t\t\t\t\t\t<div class=\"slideshow_title\">Rives descendante<\/div>\t\t\t\t\t\t\t\t\t\t\t<\/div>\n\t\t\t\t<\/div>\n\n\t\t\t\t\t\t<div style=\"clear: both;\"><\/div><\/div><div class=\"slideshow_view\">\n\t\t\t\t<div class=\"slideshow_slide slideshow_slide_image\">\n\t\t\t\t\t\t\t\t\t\t\t<img src=\"https:\/\/doutrelant.fr\/wp-content\/uploads\/unname.jpg\" alt=\"Rives descendante\" width=\"4032\" height=\"3024\" \/>\n\t\t\t\t\t\t\t\t\t\t<div class=\"slideshow_description_box slideshow_transparent\">\n\t\t\t\t\t\t<div class=\"slideshow_title\">Rives descendante<\/div>\t\t\t\t\t\t\t\t\t\t\t<\/div>\n\t\t\t\t<\/div>\n\n\t\t\t\t\t\t<div style=\"clear: both;\"><\/div><\/div>\n\t\t<\/div>\n\n\t\t<div class=\"slideshow_controlPanel slideshow_transparent\" style=\"display: none;\"><ul><li class=\"slideshow_togglePlay\" data-play-text=\"Play\" data-pause-text=\"Pause\"><\/li><\/ul><\/div>\n\n\t\t<div class=\"slideshow_button slideshow_previous slideshow_transparent\" role=\"button\" data-previous-text=\"Pr\u00e9c\u00e9dent\" style=\"display: none;\"><\/div>\n\t\t<div class=\"slideshow_button slideshow_next slideshow_transparent\" role=\"button\" data-next-text=\"Suivant\" style=\"display: none;\"><\/div>\n\n\t\t<div class=\"slideshow_pagination\" style=\"display: none;\" data-go-to-text=\"Go to slide\"><div class=\"slideshow_pagination_center\"><\/div><\/div>\n\n\t\t<!-- WordPress Slideshow Version 2.3.1 -->\n\n\t\t\t<\/div>\n\n\n<p><em><span style=\"color: #ff0000;\"><span style=\"color: #ff6600;\">Cache mousse<\/span><\/span><\/em><\/p>\n<ul>\n<li><em>Cache mousse 9\u20ac\/HT\/le ml<\/em><\/li>\n<\/ul>\n<p><em>&nbsp;&nbsp;&nbsp;&nbsp;&nbsp;&nbsp;&nbsp;&nbsp; Longueur 1 m\u00e8tre<br><\/em><\/p>\n\n\t<div class=\"slideshow_container slideshow_container_style-light\" style=\"height: 200px; \" data-slideshow-id=\"657\" data-style-name=\"style-light\" data-style-version=\"2.3.1\" >\n\n\t\t\t\t\t<div class=\"slideshow_loading_icon\"><\/div>\n\t\t\n\t\t<div class=\"slideshow_content\" style=\"display: none;\">\n\n\t\t\t<div class=\"slideshow_view\">\n\t\t\t\t<div class=\"slideshow_slide slideshow_slide_image\">\n\t\t\t\t\t\t\t\t\t\t\t<img src=\"https:\/\/doutrelant.fr\/wp-content\/uploads\/IMG_2809.jpg\" alt=\"Cache mousse\" width=\"2352\" height=\"1568\" \/>\n\t\t\t\t\t\t\t\t\t\t<div class=\"slideshow_description_box slideshow_transparent\">\n\t\t\t\t\t\t<div class=\"slideshow_title\">Cache mousse<\/div>\t\t\t\t\t\t\t\t\t\t\t<\/div>\n\t\t\t\t<\/div>\n\n\t\t\t\t\t\t<div style=\"clear: both;\"><\/div><\/div><div class=\"slideshow_view\">\n\t\t\t\t<div class=\"slideshow_slide slideshow_slide_image\">\n\t\t\t\t\t\t\t\t\t\t\t<img src=\"https:\/\/doutrelant.fr\/wp-content\/uploads\/IMG_2811.jpg\" alt=\"Cache mousse\" width=\"2352\" height=\"1568\" \/>\n\t\t\t\t\t\t\t\t\t\t<div class=\"slideshow_description_box slideshow_transparent\">\n\t\t\t\t\t\t<div class=\"slideshow_title\">Cache mousse<\/div>\t\t\t\t\t\t\t\t\t\t\t<\/div>\n\t\t\t\t<\/div>\n\n\t\t\t\t\t\t<div style=\"clear: both;\"><\/div><\/div>\n\t\t<\/div>\n\n\t\t<div class=\"slideshow_controlPanel slideshow_transparent\" style=\"display: none;\"><ul><li class=\"slideshow_togglePlay\" data-play-text=\"Play\" data-pause-text=\"Pause\"><\/li><\/ul><\/div>\n\n\t\t<div class=\"slideshow_button slideshow_previous slideshow_transparent\" role=\"button\" data-previous-text=\"Pr\u00e9c\u00e9dent\" style=\"display: none;\"><\/div>\n\t\t<div class=\"slideshow_button slideshow_next slideshow_transparent\" role=\"button\" data-next-text=\"Suivant\" style=\"display: none;\"><\/div>\n\n\t\t<div class=\"slideshow_pagination\" style=\"display: none;\" data-go-to-text=\"Go to slide\"><div class=\"slideshow_pagination_center\"><\/div><\/div>\n\n\t\t<!-- WordPress Slideshow Version 2.3.1 -->\n\n\t\t\t<\/div>\n\n\n\n\n<p>8<em>\u20ac<\/em> pour 40 mm<\/p>\n\n\n\n<p class=\"has-text-color has-luminous-vivid-orange-color\"><em>existe de 60,80,100 &#8230;<\/em><\/p>\n\n\n\n<p class=\"has-text-color has-luminous-vivid-orange-color\"><em>VISSERIE ADAPT\u00c9E EN STOCK<\/em><\/p>\n\n\n\n<p><em>\n\t<div class=\"slideshow_container slideshow_container_style-light\" style=\"height: 200px; \" data-slideshow-id=\"667\" data-style-name=\"style-light\" data-style-version=\"2.3.1\" >\n\n\t\t\t\t\t<div class=\"slideshow_loading_icon\"><\/div>\n\t\t\n\t\t<div class=\"slideshow_content\" style=\"display: none;\">\n\n\t\t\t<div class=\"slideshow_view\">\n\t\t\t\t<div class=\"slideshow_slide slideshow_slide_image\">\n\t\t\t\t\t\t\t\t\t\t\t<img src=\"https:\/\/doutrelant.fr\/wp-content\/uploads\/m.jpg\" alt=\"Vis avec cavaliers\" width=\"756\" height=\"800\" \/>\n\t\t\t\t\t\t\t\t\t\t<div class=\"slideshow_description_box slideshow_transparent\">\n\t\t\t\t\t\t<div class=\"slideshow_title\">Vis avec cavaliers<\/div>\t\t\t\t\t\t\t\t\t\t\t<\/div>\n\t\t\t\t<\/div>\n\n\t\t\t\t\t\t<div style=\"clear: both;\"><\/div><\/div><div class=\"slideshow_view\">\n\t\t\t\t<div class=\"slideshow_slide slideshow_slide_image\">\n\t\t\t\t\t\t\t\t\t\t\t<img src=\"https:\/\/doutrelant.fr\/wp-content\/uploads\/kit-de-fixation-bac-acier-6-5x100mm-zacrovis-cavalier-douille-bleu.jpg\" alt=\"Vis avec cavaliers\" width=\"1181\" height=\"1181\" \/>\n\t\t\t\t\t\t\t\t\t\t<div class=\"slideshow_description_box slideshow_transparent\">\n\t\t\t\t\t\t<div class=\"slideshow_title\">Vis avec cavaliers<\/div>\t\t\t\t\t\t\t\t\t\t\t<\/div>\n\t\t\t\t<\/div>\n\n\t\t\t\t\t\t<div style=\"clear: both;\"><\/div><\/div><div class=\"slideshow_view\">\n\t\t\t\t<div class=\"slideshow_slide slideshow_slide_image\">\n\t\t\t\t\t\t\t\t\t\t\t<img src=\"https:\/\/doutrelant.fr\/wp-content\/uploads\/9.jpg\" alt=\"Vis avec cavaliers\" width=\"216\" height=\"216\" \/>\n\t\t\t\t\t\t\t\t\t\t<div class=\"slideshow_description_box slideshow_transparent\">\n\t\t\t\t\t\t<div class=\"slideshow_title\">Vis avec cavaliers<\/div>\t\t\t\t\t\t\t\t\t\t\t<\/div>\n\t\t\t\t<\/div>\n\n\t\t\t\t\t\t<div style=\"clear: both;\"><\/div><\/div><div class=\"slideshow_view\">\n\t\t\t\t<div class=\"slideshow_slide slideshow_slide_image\">\n\t\t\t\t\t\t\t\t\t\t\t<img src=\"https:\/\/doutrelant.fr\/wp-content\/uploads\/8.jpg\" alt=\"Vis\" width=\"264\" height=\"264\" \/>\n\t\t\t\t\t\t\t\t\t\t<div class=\"slideshow_description_box slideshow_transparent\">\n\t\t\t\t\t\t<div class=\"slideshow_title\">Vis<\/div>\t\t\t\t\t\t\t\t\t\t\t<\/div>\n\t\t\t\t<\/div>\n\n\t\t\t\t\t\t<div style=\"clear: both;\"><\/div><\/div>\n\t\t<\/div>\n\n\t\t<div class=\"slideshow_controlPanel slideshow_transparent\" style=\"display: none;\"><ul><li class=\"slideshow_togglePlay\" data-play-text=\"Play\" data-pause-text=\"Pause\"><\/li><\/ul><\/div>\n\n\t\t<div class=\"slideshow_button slideshow_previous slideshow_transparent\" role=\"button\" data-previous-text=\"Pr\u00e9c\u00e9dent\" style=\"display: none;\"><\/div>\n\t\t<div class=\"slideshow_button slideshow_next slideshow_transparent\" role=\"button\" data-next-text=\"Suivant\" style=\"display: none;\"><\/div>\n\n\t\t<div class=\"slideshow_pagination\" style=\"display: none;\" data-go-to-text=\"Go to slide\"><div class=\"slideshow_pagination_center\"><\/div><\/div>\n\n\t\t<!-- WordPress Slideshow Version 2.3.1 -->\n\n\t\t\t<\/div>\n\n<\/em><\/p>\n\n\n\n<ul class=\"wp-block-list\"><li>Couleur: Galva<\/li><li>RAL8012(Rouge) <\/li><li>RAL7016(Anthracite)<\/li><li>RAL8004(Terracotta)<\/li><li>RAL9005(Noir)<\/li><li>RAL9002(Blanc)<\/li><li>Vis couture: 4.9X35 17<em>\u20ac<\/em>\/HT\/Pack 100 pi\u00e8ces<\/li><li>Cavalier: 35<em>\u20ac<\/em>\/HT\/Pack 100 pi\u00e8ces<\/li><\/ul>\n\n\n\n<p><strong>Nous vendons aussi \u00e0 l&rsquo;unit\u00e9<\/strong><\/p>\n\n\n\n<table class=\"wp-block-table alignleft is-style-stripes\"><tbody><tr><td>Vis autoperceuse bois<\/td><td> <\/td><td><\/td><td><\/td><td><\/td><td><\/td><\/tr><tr><td>Dimension<\/td><td>6.5&#215;80<\/td><td>6.5&#215;100<\/td><td>6.5&#215;130<\/td><td>6.5&#215;150<\/td><td>6.5&#215;180<\/td><\/tr><tr><td>Prix<\/td><td>0.55<em>\u20ac<\/em> <\/td><td>0.55<em>\u20ac<\/em> <\/td><td>0.65<em>\u20ac<\/em> <\/td><td>0.85<em>\u20ac<\/em> <\/td><td>0.90<em>\u20ac<\/em> <\/td><\/tr><\/tbody><\/table>\n\n\n\n<table class=\"wp-block-table alignright is-style-stripes\"><tbody><tr><td>Vis autoperceuse acier<\/td><td><\/td><td><\/td><td><\/td><td><\/td><\/tr><tr><td>Dimension<\/td><td>6.5&#215;80<\/td><td>6.5&#215;100<\/td><td>6.5&#215;120<\/td><td>6.5&#215;140<\/td><\/tr><tr><td>Prix<\/td><td>0.55<em>\u20ac<\/em> <\/td><td>0.60<em>\u20ac<\/em> <\/td><td>0.75<em>\u20ac<\/em> <\/td><td>0.95<em>\u20ac<\/em> <\/td><\/tr><\/tbody><\/table>\n\n\n\n<p><\/p>\n\n\n\n<p><\/p>\n","protected":false},"excerpt":{"rendered":"<p>ACCESSOIRES PLIAGES SUR PLACE POUR DIMENSIONS SP\u00c9CIALES FAITI\u00c8RES Faiti\u00e8re double crant\u00e9e 12\u20ac\/ht\/le ml Bandeau de faitage crant\u00e9 (qui descend) 12\u20ac\/ht\/le ml Faitage contre mur crant\u00e9 (qui remonte) 12\u20ac\/ht\/le ml &nbsp;&nbsp;&nbsp;&nbsp;&nbsp;&nbsp;&nbsp; Longueur 2m10 RIVES Rive 11\u20ac\/HT\/le ml &nbsp;&nbsp;&nbsp;&nbsp;&nbsp;&nbsp;&nbsp;&nbsp; Longueur 2m10 Cache mousse Cache mousse 9\u20ac\/HT\/le ml &nbsp;&nbsp;&nbsp;&nbsp;&nbsp;&nbsp;&nbsp;&nbsp; Longueur 1 m\u00e8tre 8\u20ac pour 40 mm existe de [&hellip;]<\/p>\n","protected":false},"author":3,"featured_media":0,"parent":0,"menu_order":0,"comment_status":"closed","ping_status":"closed","template":"","meta":{"footnotes":""},"class_list":["post-39","page","type-page","status-publish","hentry"],"_links":{"self":[{"href":"https:\/\/doutrelant.fr\/index.php?rest_route=\/wp\/v2\/pages\/39","targetHints":{"allow":["GET"]}}],"collection":[{"href":"https:\/\/doutrelant.fr\/index.php?rest_route=\/wp\/v2\/pages"}],"about":[{"href":"https:\/\/doutrelant.fr\/index.php?rest_route=\/wp\/v2\/types\/page"}],"author":[{"embeddable":true,"href":"https:\/\/doutrelant.fr\/index.php?rest_route=\/wp\/v2\/users\/3"}],"replies":[{"embeddable":true,"href":"https:\/\/doutrelant.fr\/index.php?rest_route=%2Fwp%2Fv2%2Fcomments&post=39"}],"version-history":[{"count":55,"href":"https:\/\/doutrelant.fr\/index.php?rest_route=\/wp\/v2\/pages\/39\/revisions"}],"predecessor-version":[{"id":1540,"href":"https:\/\/doutrelant.fr\/index.php?rest_route=\/wp\/v2\/pages\/39\/revisions\/1540"}],"wp:attachment":[{"href":"https:\/\/doutrelant.fr\/index.php?rest_route=%2Fwp%2Fv2%2Fmedia&parent=39"}],"curies":[{"name":"wp","href":"https:\/\/api.w.org\/{rel}","templated":true}]}}