{"id":6,"date":"2016-11-25T09:01:16","date_gmt":"2016-11-25T09:01:16","guid":{"rendered":"http:\/\/doutrelant.fr\/site\/?page_id=6"},"modified":"2026-04-24T14:07:17","modified_gmt":"2026-04-24T14:07:17","slug":"accueil","status":"publish","type":"page","link":"https:\/\/doutrelant.fr\/","title":{"rendered":"Accueil"},"content":{"rendered":"<h5>La <strong><span style=\"color: #ff6600;\">SARL DOUTRELANT<\/span><\/strong> est une entreprise familiale sp\u00e9cialis\u00e9e dans la vente de\u00a0 t\u00f4les et panneaux isolants<\/h5>\n<h5>1<sup>er<\/sup> et\u00a0 2<sup>\u00e8me<\/sup> choix<\/h5>\n<h5>Nous sommes situ\u00e9s 18 route de\u00a0 Saint-Gilles \u00e0 Eperlecques<\/h5>\n<h5>(\u00e0<strong> 10 km<\/strong> de Saint-Omer ; <strong>30 km<\/strong> de Dunkerque et Calais)<\/h5>\n\n\n<figure class=\"wp-block-image\"><img loading=\"lazy\" decoding=\"async\" width=\"1024\" height=\"768\" src=\"https:\/\/doutrelant.fr\/site\/wp-content\/uploads\/accueil2-1024x768.jpg\" alt=\"\" class=\"wp-image-1526\" srcset=\"https:\/\/doutrelant.fr\/wp-content\/uploads\/accueil2-1024x768.jpg 1024w, https:\/\/doutrelant.fr\/wp-content\/uploads\/accueil2-300x225.jpg 300w, https:\/\/doutrelant.fr\/wp-content\/uploads\/accueil2-768x576.jpg 768w\" sizes=\"auto, (max-width: 1024px) 100vw, 1024px\" \/><\/figure>\n\n\n\n<p><strong>HORAIRES<\/strong><\/p>\n\n\n\n<p>Lundi : 8h-12h&nbsp; \/ 14h-17h30<\/p>\n\n\n\n<p>Mardi : 8h-12h \/ 14h-17h30<\/p>\n\n\n\n<p>Mercredi : 8h-12h<\/p>\n\n\n\n<p>Jeudi : 8h-12h&nbsp; \/ 14h-17h30<\/p>\n\n\n\n<p>Vendredi : 8h-12h \/ 14h-17h<\/p>\n\n\n\n<p>Samedi : 9h-12h<strong> <\/strong><\/p>\n\n\n\n<p><strong>FERME LE SAMEDI 01\/05\/26 MAI ET LE SAMEDI 09\/05\/26<\/strong><\/p>\n\n\n\n<p><strong>FERME LE WEEK-END DE L&rsquo;ASCENSION<\/strong><\/p>\n\n\n\n<p><strong>CONTA<em>CTS&nbsp;<\/em><\/strong>:<\/p>\n\n\n\n<p>Fixe : 03.21.88.40.47<\/p>\n\n\n\n<p>Commerciale Laure : 06 86 91 85 13 <\/p>\n\n\n\n<p>Projets b\u00e2timents Fr\u00e9d\u00e9ric : 06 80 66 43 95<\/p>\n\n\n\n<h5 class=\"wp-block-heading\"><strong>Demande de devis : <\/strong>contact@doutrelant.fr<\/h5>\n\n\n\n<p><\/p>\n","protected":false},"excerpt":{"rendered":"<p>La SARL DOUTRELANT est une entreprise familiale sp\u00e9cialis\u00e9e dans la vente de\u00a0 t\u00f4les et panneaux isolants 1er et\u00a0 2\u00e8me choix Nous sommes situ\u00e9s 18 route de\u00a0 Saint-Gilles \u00e0 Eperlecques (\u00e0 10 km de Saint-Omer ; 30 km de Dunkerque et Calais) HORAIRES Lundi : 8h-12h&nbsp; \/ 14h-17h30 Mardi : 8h-12h \/ 14h-17h30 Mercredi : 8h-12h [&hellip;]<\/p>\n","protected":false},"author":2,"featured_media":0,"parent":0,"menu_order":0,"comment_status":"closed","ping_status":"closed","template":"","meta":{"footnotes":""},"class_list":["post-6","page","type-page","status-publish","hentry"],"_links":{"self":[{"href":"https:\/\/doutrelant.fr\/index.php?rest_route=\/wp\/v2\/pages\/6","targetHints":{"allow":["GET"]}}],"collection":[{"href":"https:\/\/doutrelant.fr\/index.php?rest_route=\/wp\/v2\/pages"}],"about":[{"href":"https:\/\/doutrelant.fr\/index.php?rest_route=\/wp\/v2\/types\/page"}],"author":[{"embeddable":true,"href":"https:\/\/doutrelant.fr\/index.php?rest_route=\/wp\/v2\/users\/2"}],"replies":[{"embeddable":true,"href":"https:\/\/doutrelant.fr\/index.php?rest_route=%2Fwp%2Fv2%2Fcomments&post=6"}],"version-history":[{"count":271,"href":"https:\/\/doutrelant.fr\/index.php?rest_route=\/wp\/v2\/pages\/6\/revisions"}],"predecessor-version":[{"id":1728,"href":"https:\/\/doutrelant.fr\/index.php?rest_route=\/wp\/v2\/pages\/6\/revisions\/1728"}],"wp:attachment":[{"href":"https:\/\/doutrelant.fr\/index.php?rest_route=%2Fwp%2Fv2%2Fmedia&parent=6"}],"curies":[{"name":"wp","href":"https:\/\/api.w.org\/{rel}","templated":true}]}}